{"id":346,"date":"2021-12-15T07:58:06","date_gmt":"2021-12-15T07:58:06","guid":{"rendered":"https:\/\/myheartontheweb.com\/?page_id=346"},"modified":"2022-01-31T09:02:28","modified_gmt":"2022-01-31T09:02:28","slug":"privacy-policy-2","status":"publish","type":"page","link":"https:\/\/myheartontheweb.com\/index.php\/privacy-policy-2\/","title":{"rendered":"Privacy policy"},"content":{"rendered":"\n<p>Questa Privacy Policy \u00e8 regolata dalla legge italiana e in particolare dal D.Lgs. 196\/2003 Codice in materia di protezione dei dati personali che disciplina il trattamento dei dati personali &#8211; anche detenuti all&#8217;estero &#8211; effettuato da chiunque \u00e8 stabilito in Italia o effettuato mediante strumenti situati in Italia.<br>Il Codice garantisce che il trattamento dei dati personali si svolga nel rispetto dei diritti e delle libert\u00e0 fondamentali, nonch\u00e9 della dignit\u00e0 dell&#8217;interessato, con particolare riferimento alla riservatezza, all&#8217;identit\u00e0 personale e al diritto alla protezione dei dati personali.<br>Ci riserviamo di rivedere, modificare o semplicemente aggiornare, in tutto o in parte, a propria esclusiva discrezione, in qualsiasi modo e\/o in qualsiasi momento, senza preavviso, la presente Privacy Policy anche in considerazione di modifiche di norme di legge o di regolamento in materia di protezione dei dati personali.<br>Le modifiche e gli aggiornamenti della Privacy Policy saranno notificati agli utenti nella Home Page del Sito non appena adottati e saranno vincolanti non appena pubblicati sul Sito in questa stessa sezione. Vi preghiamo pertanto di accedere con regolarit\u00e0 a questa sezione per verificare la pubblicazione della pi\u00f9 recente ed aggiornata Privacy Policy.<br>Se lasci un commento, il commento e i relativi metadati vengono conservati a tempo indeterminato. \u00c8 cos\u00ec che possiamo riconoscere e approvare automaticamente eventuali commenti successivi invece di tenerli in una coda di moderazione.<br>L&#8217;approvazione del tuo commento e la tua immagine del profilo \u00e8 visibile al pubblico nel contesto del tuo commento.<br>I commenti dei visitatori possono essere controllati tramite un rilevamento automatico del servizio di rilevamento dello spam.<\/p>\n","protected":false},"excerpt":{"rendered":"<p>Questa Privacy Policy \u00e8 regolata dalla legge italiana e in particolare dal D.Lgs. 196\/2003 Codice in materia di protezione dei dati personali che disciplina il trattamento dei dati personali &#8211; anche detenuti all&#8217;estero &#8211; effettuato da chiunque \u00e8 stabilito in Italia o effettuato mediante strumenti situati in Italia.Il Codice garantisce che il trattamento dei dati<\/p>\n","protected":false},"author":1,"featured_media":0,"parent":0,"menu_order":0,"comment_status":"closed","ping_status":"closed","template":"","meta":{"footnotes":""},"class_list":["post-346","page","type-page","status-publish","hentry"],"yoast_head":"<!-- This site is optimized with the Yoast SEO plugin v27.4 - https:\/\/yoast.com\/product\/yoast-seo-wordpress\/ -->\n<title>Privacy policy - MYHEARTONTHEWEB<\/title>\n<meta name=\"robots\" content=\"index, follow, max-snippet:-1, max-image-preview:large, max-video-preview:-1\" \/>\n<link rel=\"canonical\" href=\"https:\/\/myheartontheweb.com\/index.php\/privacy-policy-2\/\" \/>\n<meta property=\"og:locale\" content=\"it_IT\" \/>\n<meta property=\"og:type\" content=\"article\" \/>\n<meta property=\"og:title\" content=\"Privacy policy - MYHEARTONTHEWEB\" \/>\n<meta property=\"og:description\" content=\"Questa Privacy Policy \u00e8 regolata dalla legge italiana e in particolare dal D.Lgs. 196\/2003 Codice in materia di protezione dei dati personali che disciplina il trattamento dei dati personali &#8211; anche detenuti all&#8217;estero &#8211; effettuato da chiunque \u00e8 stabilito in Italia o effettuato mediante strumenti situati in Italia.Il Codice garantisce che il trattamento dei dati\" \/>\n<meta property=\"og:url\" content=\"https:\/\/myheartontheweb.com\/index.php\/privacy-policy-2\/\" \/>\n<meta property=\"og:site_name\" content=\"MYHEARTONTHEWEB\" \/>\n<meta property=\"article:modified_time\" content=\"2022-01-31T09:02:28+00:00\" \/>\n<meta name=\"twitter:card\" content=\"summary_large_image\" \/>\n<meta name=\"twitter:label1\" content=\"Tempo di lettura stimato\" \/>\n\t<meta name=\"twitter:data1\" content=\"1 minuto\" \/>\n<script type=\"application\/ld+json\" class=\"yoast-schema-graph\">{\"@context\":\"https:\\\/\\\/schema.org\",\"@graph\":[{\"@type\":\"WebPage\",\"@id\":\"https:\\\/\\\/myheartontheweb.com\\\/index.php\\\/privacy-policy-2\\\/\",\"url\":\"https:\\\/\\\/myheartontheweb.com\\\/index.php\\\/privacy-policy-2\\\/\",\"name\":\"Privacy policy - MYHEARTONTHEWEB\",\"isPartOf\":{\"@id\":\"https:\\\/\\\/myheartontheweb.com\\\/#website\"},\"datePublished\":\"2021-12-15T07:58:06+00:00\",\"dateModified\":\"2022-01-31T09:02:28+00:00\",\"breadcrumb\":{\"@id\":\"https:\\\/\\\/myheartontheweb.com\\\/index.php\\\/privacy-policy-2\\\/#breadcrumb\"},\"inLanguage\":\"it-IT\",\"potentialAction\":[{\"@type\":\"ReadAction\",\"target\":[\"https:\\\/\\\/myheartontheweb.com\\\/index.php\\\/privacy-policy-2\\\/\"]}]},{\"@type\":\"BreadcrumbList\",\"@id\":\"https:\\\/\\\/myheartontheweb.com\\\/index.php\\\/privacy-policy-2\\\/#breadcrumb\",\"itemListElement\":[{\"@type\":\"ListItem\",\"position\":1,\"name\":\"Home\",\"item\":\"https:\\\/\\\/myheartontheweb.com\\\/\"},{\"@type\":\"ListItem\",\"position\":2,\"name\":\"Privacy policy\"}]},{\"@type\":\"WebSite\",\"@id\":\"https:\\\/\\\/myheartontheweb.com\\\/#website\",\"url\":\"https:\\\/\\\/myheartontheweb.com\\\/\",\"name\":\"MYHEARTONTHEWEB\",\"description\":\"IL MIO CUORE NELLA RETE\",\"publisher\":{\"@id\":\"https:\\\/\\\/myheartontheweb.com\\\/#organization\"},\"potentialAction\":[{\"@type\":\"SearchAction\",\"target\":{\"@type\":\"EntryPoint\",\"urlTemplate\":\"https:\\\/\\\/myheartontheweb.com\\\/?s={search_term_string}\"},\"query-input\":{\"@type\":\"PropertyValueSpecification\",\"valueRequired\":true,\"valueName\":\"search_term_string\"}}],\"inLanguage\":\"it-IT\"},{\"@type\":\"Organization\",\"@id\":\"https:\\\/\\\/myheartontheweb.com\\\/#organization\",\"name\":\"MYHEARTONTHEWEB\",\"url\":\"https:\\\/\\\/myheartontheweb.com\\\/\",\"logo\":{\"@type\":\"ImageObject\",\"inLanguage\":\"it-IT\",\"@id\":\"https:\\\/\\\/myheartontheweb.com\\\/#\\\/schema\\\/logo\\\/image\\\/\",\"url\":\"https:\\\/\\\/myheartontheweb.com\\\/wp-content\\\/uploads\\\/2021\\\/12\\\/cropped-MHOW_logo-1.png\",\"contentUrl\":\"https:\\\/\\\/myheartontheweb.com\\\/wp-content\\\/uploads\\\/2021\\\/12\\\/cropped-MHOW_logo-1.png\",\"width\":484,\"height\":100,\"caption\":\"MYHEARTONTHEWEB\"},\"image\":{\"@id\":\"https:\\\/\\\/myheartontheweb.com\\\/#\\\/schema\\\/logo\\\/image\\\/\"}}]}<\/script>\n<!-- \/ Yoast SEO plugin. -->","yoast_head_json":{"title":"Privacy policy - MYHEARTONTHEWEB","robots":{"index":"index","follow":"follow","max-snippet":"max-snippet:-1","max-image-preview":"max-image-preview:large","max-video-preview":"max-video-preview:-1"},"canonical":"https:\/\/myheartontheweb.com\/index.php\/privacy-policy-2\/","og_locale":"it_IT","og_type":"article","og_title":"Privacy policy - MYHEARTONTHEWEB","og_description":"Questa Privacy Policy \u00e8 regolata dalla legge italiana e in particolare dal D.Lgs. 196\/2003 Codice in materia di protezione dei dati personali che disciplina il trattamento dei dati personali &#8211; anche detenuti all&#8217;estero &#8211; effettuato da chiunque \u00e8 stabilito in Italia o effettuato mediante strumenti situati in Italia.Il Codice garantisce che il trattamento dei dati","og_url":"https:\/\/myheartontheweb.com\/index.php\/privacy-policy-2\/","og_site_name":"MYHEARTONTHEWEB","article_modified_time":"2022-01-31T09:02:28+00:00","twitter_card":"summary_large_image","twitter_misc":{"Tempo di lettura stimato":"1 minuto"},"schema":{"@context":"https:\/\/schema.org","@graph":[{"@type":"WebPage","@id":"https:\/\/myheartontheweb.com\/index.php\/privacy-policy-2\/","url":"https:\/\/myheartontheweb.com\/index.php\/privacy-policy-2\/","name":"Privacy policy - MYHEARTONTHEWEB","isPartOf":{"@id":"https:\/\/myheartontheweb.com\/#website"},"datePublished":"2021-12-15T07:58:06+00:00","dateModified":"2022-01-31T09:02:28+00:00","breadcrumb":{"@id":"https:\/\/myheartontheweb.com\/index.php\/privacy-policy-2\/#breadcrumb"},"inLanguage":"it-IT","potentialAction":[{"@type":"ReadAction","target":["https:\/\/myheartontheweb.com\/index.php\/privacy-policy-2\/"]}]},{"@type":"BreadcrumbList","@id":"https:\/\/myheartontheweb.com\/index.php\/privacy-policy-2\/#breadcrumb","itemListElement":[{"@type":"ListItem","position":1,"name":"Home","item":"https:\/\/myheartontheweb.com\/"},{"@type":"ListItem","position":2,"name":"Privacy policy"}]},{"@type":"WebSite","@id":"https:\/\/myheartontheweb.com\/#website","url":"https:\/\/myheartontheweb.com\/","name":"MYHEARTONTHEWEB","description":"IL MIO CUORE NELLA RETE","publisher":{"@id":"https:\/\/myheartontheweb.com\/#organization"},"potentialAction":[{"@type":"SearchAction","target":{"@type":"EntryPoint","urlTemplate":"https:\/\/myheartontheweb.com\/?s={search_term_string}"},"query-input":{"@type":"PropertyValueSpecification","valueRequired":true,"valueName":"search_term_string"}}],"inLanguage":"it-IT"},{"@type":"Organization","@id":"https:\/\/myheartontheweb.com\/#organization","name":"MYHEARTONTHEWEB","url":"https:\/\/myheartontheweb.com\/","logo":{"@type":"ImageObject","inLanguage":"it-IT","@id":"https:\/\/myheartontheweb.com\/#\/schema\/logo\/image\/","url":"https:\/\/myheartontheweb.com\/wp-content\/uploads\/2021\/12\/cropped-MHOW_logo-1.png","contentUrl":"https:\/\/myheartontheweb.com\/wp-content\/uploads\/2021\/12\/cropped-MHOW_logo-1.png","width":484,"height":100,"caption":"MYHEARTONTHEWEB"},"image":{"@id":"https:\/\/myheartontheweb.com\/#\/schema\/logo\/image\/"}}]}},"_links":{"self":[{"href":"https:\/\/myheartontheweb.com\/index.php\/wp-json\/wp\/v2\/pages\/346","targetHints":{"allow":["GET"]}}],"collection":[{"href":"https:\/\/myheartontheweb.com\/index.php\/wp-json\/wp\/v2\/pages"}],"about":[{"href":"https:\/\/myheartontheweb.com\/index.php\/wp-json\/wp\/v2\/types\/page"}],"author":[{"embeddable":true,"href":"https:\/\/myheartontheweb.com\/index.php\/wp-json\/wp\/v2\/users\/1"}],"replies":[{"embeddable":true,"href":"https:\/\/myheartontheweb.com\/index.php\/wp-json\/wp\/v2\/comments?post=346"}],"version-history":[{"count":2,"href":"https:\/\/myheartontheweb.com\/index.php\/wp-json\/wp\/v2\/pages\/346\/revisions"}],"predecessor-version":[{"id":387,"href":"https:\/\/myheartontheweb.com\/index.php\/wp-json\/wp\/v2\/pages\/346\/revisions\/387"}],"wp:attachment":[{"href":"https:\/\/myheartontheweb.com\/index.php\/wp-json\/wp\/v2\/media?parent=346"}],"curies":[{"name":"wp","href":"https:\/\/api.w.org\/{rel}","templated":true}]}}